{"id":19,"date":"2017-01-29T16:50:03","date_gmt":"2017-01-29T16:50:03","guid":{"rendered":"http:\/\/Ferienhaus-apetlon.at\/?page_id=19"},"modified":"2023-02-16T21:17:52","modified_gmt":"2023-02-16T21:17:52","slug":"preise","status":"publish","type":"page","link":"https:\/\/ferienhaus-apetlon.at\/?page_id=19","title":{"rendered":"Preise"},"content":{"rendered":"<p><img loading=\"lazy\" decoding=\"async\" class=\" wp-image-42 aligncenter\" src=\"https:\/\/ferienhaus-apetlon.at\/wp-content\/uploads\/2017\/01\/preise1.jpg\" alt=\"\" width=\"596\" height=\"334\" \/><\/p>\n<p style=\"text-align: center;\"><span style=\"color: #0000ff;\"><span style=\"font-family: Times New Roman,serif;\"><span style=\"font-size: x-large;\"><b>Preis pro Ferienwohnung und Nacht:<\/b><\/span><\/span><\/span><span style=\"color: #0000ff;\"><span style=\"font-family: Times New Roman,serif;\"><span style=\"font-size: large;\"><b><br \/>\n<\/b><\/span><\/span><\/span><span style=\"font-family: Times New Roman,serif;\"><span style=\"font-size: large;\"><b><br \/>\n<span style=\"font-family: arial,helvetica,sans-serif;\">Preis pro Nacht f\u00fcr 2 Personen\u00a0 \u00a0 \u00a0 \u00a0 \u00a0 \u00a0 \u00a0 \u00a0 \u00a0 \u00a0 \u00a0 \u00a0 \u00a0 \u00a0 \u00a0 \u00a0 \u00a0 \u00a0 \u00a0 \u00a0 \u00a0 \u00a0 \u00a0 \u00a0 120,&#8211; \u20ac<br \/>\nPreis pro Nacht f\u00fcr 3 Personen\u00a0\u00a0\u00a0\u00a0\u00a0\u00a0\u00a0\u00a0\u00a0\u00a0\u00a0\u00a0\u00a0\u00a0\u00a0\u00a0\u00a0\u00a0\u00a0\u00a0\u00a0\u00a0\u00a0\u00a0\u00a0\u00a0\u00a0\u00a0\u00a0\u00a0\u00a0\u00a0\u00a0\u00a0\u00a0\u00a0\u00a0\u00a0\u00a0\u00a0\u00a0\u00a0\u00a0\u00a0\u00a0\u00a0 140,&#8211; \u20ac<br \/>\nPreis pro Nacht f\u00fcr 4 Personen\u00a0\u00a0\u00a0\u00a0\u00a0\u00a0\u00a0\u00a0\u00a0\u00a0\u00a0\u00a0\u00a0\u00a0\u00a0\u00a0\u00a0\u00a0\u00a0\u00a0\u00a0\u00a0\u00a0\u00a0\u00a0\u00a0\u00a0\u00a0\u00a0\u00a0\u00a0\u00a0\u00a0\u00a0\u00a0\u00a0\u00a0\u00a0\u00a0\u00a0\u00a0\u00a0\u00a0\u00a0\u00a0\u00a0 160,&#8211; \u20ac<\/span><\/b><\/span><\/span><br \/>\n<b><br \/>\n<\/b><span style=\"font-family: arial,helvetica,sans-serif;\"> Maximal Belegung 4 Personen pro Appartement<\/span><\/p>\n<p style=\"text-align: center;\"><b>\u00a0<\/b><\/p>\n<p><strong>\u00a0\u00a0\u00a0\u00a0\u00a0\u00a0\u00a0\u00a0\u00a0\u00a0\u00a0\u00a0\u00a0\u00a0\u00a0\u00a0\u00a0\u00a0\u00a0\u00a0\u00a0\u00a0\u00a0\u00a0\u00a0\u00a0\u00a0\u00a0 Buchbar in der Hauptsaison &#8211; Juli und August &#8211;\u00a0nur mit Anreisetag Samstag oder Sonntag<\/strong><\/p>\n<p style=\"text-align: left;\"><strong>\u00a0\u00a0\u00a0\u00a0\u00a0\u00a0\u00a0\u00a0\u00a0\u00a0\u00a0\u00a0\u00a0\u00a0\u00a0\u00a0\u00a0\u00a0\u00a0\u00a0\u00a0\u00a0\u00a0\u00a0\u00a0\u00a0\u00a0\u00a0\u00a0\u00a0\u00a0\u00a0\u00a0\u00a0\u00a0\u00a0\u00a0\u00a0\u00a0\u00a0\u00a0\u00a0\u00a0\u00a0\u00a0\u00a0\u00a0\u00a0\u00a0\u00a0\u00a0\u00a0\u00a0\u00a0\u00a0\u00a0\u00a0\u00a0\u00a0\u00a0\u00a0\u00a0\u00a0\u00a0\u00a0\u00a0\u00a0\u00a0\u00a0\u00a0\u00a0\u00a0\u00a0\u00a0\u00a0\u00a0\u00a0\u00a0 Mindestaufenthalt in der Hauptsaison 7 N\u00e4chte<\/strong><\/p>\n<p style=\"text-align: center;\"><span style=\"font-family: Times New Roman,serif;\"><span style=\"font-size: large;\"><br \/>\n<\/span><\/span><span style=\"font-family: Times New Roman,serif;\"><span style=\"font-size: x-large;\"><u>G\u00e4ste des Ferienhaus-Apetlon erhalten f\u00fcr den Besuch der Salzgrotte eine Erm\u00e4\u00dfigung von 20% auf den g\u00fcltigen Eintrittspreis.<\/u><\/span><\/span><\/p>\n<p style=\"text-align: center;\"><span style=\"font-family: Times New Roman,serif;\"><span style=\"font-size: large;\"><b><br \/>\nAnreise:<\/b><\/span><\/span><b> <\/b><\/p>\n<p style=\"text-align: center;\"><span style=\"font-family: Times New Roman,serif;\"><span style=\"font-size: medium;\"><b><br \/>\n<\/b><\/span><\/span><span style=\"font-family: Times New Roman,serif;\"><span style=\"font-size: large;\"><b>Der Bezug des Zimmers\/Ferienwohnung ist ab 14:00 Uhr m\u00f6glich.<br \/>\nBitte geben Sie uns Ihre Ankunftszeit bekannt. Anreise nach 18 Uhr ist nur nach Vereinbarung m\u00f6glich.<br \/>\nWir behalten uns das Recht vor, Zimmer die bis 18 Uhr nicht bezogen sind weiterzugeben.<\/b><\/span><\/span><\/p>\n<p style=\"text-align: center;\"><strong>Zahlungsart:<\/strong><span style=\"font-family: Times New Roman,serif;\"><span style=\"font-size: medium;\"><b>\u00a0 \u00a0<\/b><\/span><\/span><span style=\"font-family: Times New Roman,serif;\"><span style=\"font-size: large;\"><b>neben Barzahlung bieten wir unseren G\u00e4sten auch die Bezahlung mit VISA &#8211; MASTERCARD\u00a0oder MAESTRO<\/b><\/span><\/span><\/p>\n<p style=\"text-align: center;\"><strong>Abreise:<\/strong><\/p>\n<p style=\"text-align: center;\"><strong>Wir bitten Sie die Zimmer oder Ferienwohnungen bis 10:00 Uhr freizugeben<\/strong><br \/>\n<strong> Stornogeb\u00fchren laut \u00f6sterreichischem Hotelreglement<\/strong><\/p>\n<p style=\"text-align: center;\"><span style=\"font-family: Times New Roman,serif;\"><span style=\"font-size: large;\"><b><br \/>\nAlle Preise verstehen sich inklusive Neusiedlerseekarte und exklusive 2,50 \u20ac pro Person Ortstaxe<\/b><\/span><\/span><\/p>\n","protected":false},"excerpt":{"rendered":"<p>Preis pro Ferienwohnung und Nacht: Preis pro Nacht f\u00fcr 2 Personen\u00a0 \u00a0 \u00a0 \u00a0 \u00a0 \u00a0 \u00a0 \u00a0 \u00a0 \u00a0 \u00a0 \u00a0 \u00a0 \u00a0 \u00a0 \u00a0 \u00a0 \u00a0 \u00a0 \u00a0 \u00a0 \u00a0 \u00a0 \u00a0 120,&#8211; \u20ac Preis pro Nacht f\u00fcr 3 Personen\u00a0\u00a0\u00a0\u00a0\u00a0\u00a0\u00a0\u00a0\u00a0\u00a0\u00a0\u00a0\u00a0\u00a0\u00a0\u00a0\u00a0\u00a0\u00a0\u00a0\u00a0\u00a0\u00a0\u00a0\u00a0\u00a0\u00a0\u00a0\u00a0\u00a0\u00a0\u00a0\u00a0\u00a0\u00a0\u00a0\u00a0\u00a0\u00a0\u00a0\u00a0\u00a0\u00a0\u00a0\u00a0\u00a0 140,&#8211; \u20ac Preis pro Nacht f\u00fcr 4 Personen\u00a0\u00a0\u00a0\u00a0\u00a0\u00a0\u00a0\u00a0\u00a0\u00a0\u00a0\u00a0\u00a0\u00a0\u00a0\u00a0\u00a0\u00a0\u00a0\u00a0\u00a0\u00a0\u00a0\u00a0\u00a0\u00a0\u00a0\u00a0\u00a0\u00a0\u00a0\u00a0\u00a0\u00a0\u00a0\u00a0\u00a0\u00a0\u00a0\u00a0\u00a0\u00a0\u00a0\u00a0\u00a0\u00a0 160,&#8211; \u20ac Maximal Belegung 4 <a class=\"read-more\" href=\"https:\/\/ferienhaus-apetlon.at\/?page_id=19\">Read More<\/a><\/p>\n","protected":false},"author":1,"featured_media":0,"parent":0,"menu_order":0,"comment_status":"closed","ping_status":"closed","template":"template-full-width.php","meta":{"footnotes":""},"class_list":["post-19","page","type-page","status-publish","hentry"],"_links":{"self":[{"href":"https:\/\/ferienhaus-apetlon.at\/index.php?rest_route=\/wp\/v2\/pages\/19","targetHints":{"allow":["GET"]}}],"collection":[{"href":"https:\/\/ferienhaus-apetlon.at\/index.php?rest_route=\/wp\/v2\/pages"}],"about":[{"href":"https:\/\/ferienhaus-apetlon.at\/index.php?rest_route=\/wp\/v2\/types\/page"}],"author":[{"embeddable":true,"href":"https:\/\/ferienhaus-apetlon.at\/index.php?rest_route=\/wp\/v2\/users\/1"}],"replies":[{"embeddable":true,"href":"https:\/\/ferienhaus-apetlon.at\/index.php?rest_route=%2Fwp%2Fv2%2Fcomments&post=19"}],"version-history":[{"count":17,"href":"https:\/\/ferienhaus-apetlon.at\/index.php?rest_route=\/wp\/v2\/pages\/19\/revisions"}],"predecessor-version":[{"id":102,"href":"https:\/\/ferienhaus-apetlon.at\/index.php?rest_route=\/wp\/v2\/pages\/19\/revisions\/102"}],"wp:attachment":[{"href":"https:\/\/ferienhaus-apetlon.at\/index.php?rest_route=%2Fwp%2Fv2%2Fmedia&parent=19"}],"curies":[{"name":"wp","href":"https:\/\/api.w.org\/{rel}","templated":true}]}}