{"id":17,"date":"2017-01-29T16:43:25","date_gmt":"2017-01-29T16:43:25","guid":{"rendered":"http:\/\/Ferienhaus-apetlon.at\/?page_id=17"},"modified":"2017-02-05T08:30:35","modified_gmt":"2017-02-05T08:30:35","slug":"unser-haus","status":"publish","type":"page","link":"https:\/\/ferienhaus-apetlon.at\/?page_id=17","title":{"rendered":"Unser Haus"},"content":{"rendered":"<p style=\"text-align: center;\"><strong><span style=\"font-size: 14pt;\">Unser Ferienhaus bietet Ihnen 2 Ferienwohnungen.<\/span><\/strong><\/p>\n<p style=\"text-align: center;\"><img loading=\"lazy\" decoding=\"async\" class=\" wp-image-37 aligncenter\" src=\"https:\/\/ferienhaus-apetlon.at\/wp-content\/uploads\/2017\/01\/unser1.jpg\" alt=\"\" width=\"609\" height=\"341\" \/><\/p>\n<p style=\"text-align: center;\"><img loading=\"lazy\" decoding=\"async\" class=\" wp-image-36 aligncenter\" src=\"https:\/\/ferienhaus-apetlon.at\/wp-content\/uploads\/2017\/01\/unser2.jpg\" alt=\"\" width=\"648\" height=\"363\" \/><\/p>\n<p style=\"text-align: center;\"><strong>Jede Wohnung ist mit 2 klimatisierten separaten Schlafzimmern und Kabel-TV, je ein gro\u00dfes Bad mit<\/strong><\/p>\n<p style=\"text-align: center;\"><strong>Dusche, sowie einer ger\u00e4umigen Wohnk\u00fcche,mit Geschirrsp\u00fcler, Microwelle usw., ausgestattet.<\/strong><\/p>\n<p style=\"text-align: center;\"><strong>Die Gro\u00dfe\u00a0\u00fcberdachte Terrasse\u00a0bietet sich zum gem\u00fctlichen Beisammensein an.<\/strong><\/p>\n<p style=\"text-align: center;\"><strong>Der im Garten befindliche beheizte\u00a0Pool &#8211;\u00a0 mit Meersalzwasser &#8211; ladet zum ungehinderten Krafttanken<\/strong><br \/>\n<strong> und Erholen ein.<\/strong><\/p>\n<p style=\"text-align: center;\"><strong>Genie\u00dfen Sie die gleichbleibende Temperatur von 28 Grad\u00a0\u00fcber die Badesaison von April &#8211; September.<\/strong><\/p>\n","protected":false},"excerpt":{"rendered":"<p>Unser Ferienhaus bietet Ihnen 2 Ferienwohnungen. Jede Wohnung ist mit 2 klimatisierten separaten Schlafzimmern und Kabel-TV, je ein gro\u00dfes Bad mit Dusche, sowie einer ger\u00e4umigen Wohnk\u00fcche,mit Geschirrsp\u00fcler, Microwelle usw., ausgestattet. Die Gro\u00dfe\u00a0\u00fcberdachte Terrasse\u00a0bietet sich zum gem\u00fctlichen Beisammensein an. Der im Garten befindliche beheizte\u00a0Pool &#8211;\u00a0 mit Meersalzwasser &#8211; ladet zum ungehinderten Krafttanken und Erholen ein. Genie\u00dfen <a class=\"read-more\" href=\"https:\/\/ferienhaus-apetlon.at\/?page_id=17\">Read More<\/a><\/p>\n","protected":false},"author":1,"featured_media":0,"parent":0,"menu_order":0,"comment_status":"closed","ping_status":"closed","template":"template-full-width.php","meta":{"footnotes":""},"class_list":["post-17","page","type-page","status-publish","hentry"],"_links":{"self":[{"href":"https:\/\/ferienhaus-apetlon.at\/index.php?rest_route=\/wp\/v2\/pages\/17","targetHints":{"allow":["GET"]}}],"collection":[{"href":"https:\/\/ferienhaus-apetlon.at\/index.php?rest_route=\/wp\/v2\/pages"}],"about":[{"href":"https:\/\/ferienhaus-apetlon.at\/index.php?rest_route=\/wp\/v2\/types\/page"}],"author":[{"embeddable":true,"href":"https:\/\/ferienhaus-apetlon.at\/index.php?rest_route=\/wp\/v2\/users\/1"}],"replies":[{"embeddable":true,"href":"https:\/\/ferienhaus-apetlon.at\/index.php?rest_route=%2Fwp%2Fv2%2Fcomments&post=17"}],"version-history":[{"count":13,"href":"https:\/\/ferienhaus-apetlon.at\/index.php?rest_route=\/wp\/v2\/pages\/17\/revisions"}],"predecessor-version":[{"id":63,"href":"https:\/\/ferienhaus-apetlon.at\/index.php?rest_route=\/wp\/v2\/pages\/17\/revisions\/63"}],"wp:attachment":[{"href":"https:\/\/ferienhaus-apetlon.at\/index.php?rest_route=%2Fwp%2Fv2%2Fmedia&parent=17"}],"curies":[{"name":"wp","href":"https:\/\/api.w.org\/{rel}","templated":true}]}}