{"id":15,"date":"2017-01-29T16:42:24","date_gmt":"2017-01-29T16:42:24","guid":{"rendered":"http:\/\/Ferienhaus-apetlon.at\/?page_id=15"},"modified":"2017-02-05T08:31:18","modified_gmt":"2017-02-05T08:31:18","slug":"ueber-uns","status":"publish","type":"page","link":"https:\/\/ferienhaus-apetlon.at\/?page_id=15","title":{"rendered":"\u00dcber uns"},"content":{"rendered":"<p style=\"text-align: center;\"><span style=\"font-family: Times New Roman,serif;\"><span style=\"font-size: medium;\"><b><span style=\"font-size: large;\">Guten Tag, Herzlich willkommen !<\/span><\/b><b><\/b><\/span><\/span><\/p>\n<p style=\"text-align: center;\"><img loading=\"lazy\" decoding=\"async\" class=\"alignnone  wp-image-44\" src=\"https:\/\/ferienhaus-apetlon.at\/wp-content\/uploads\/2017\/01\/uber2.jpg\" alt=\"\" width=\"571\" height=\"320\" \/> <img loading=\"lazy\" decoding=\"async\" class=\"alignnone  wp-image-45\" src=\"https:\/\/ferienhaus-apetlon.at\/wp-content\/uploads\/2017\/01\/uber1.jpg\" alt=\"\" width=\"590\" height=\"330\" \/><\/p>\n<p style=\"text-align: center;\"><b><span style=\"font-size: large;\">wir freuen uns, Sie auf unserer Site begr\u00fc\u00dfen zu d\u00fcrfen und wollen Ihnen mit einem virtuellen Rundgang unsere Anlage <\/span><\/b><b><\/b><\/p>\n<p style=\"text-align: center;\"><b><span style=\"font-size: large;\">vorstellen. Ein Aufenthalt in unserem Ferienhaus, inmitten des Nationalpark Seewinkel, bietet Ihnen die M\u00f6glichkeit <\/span><\/b><b><\/b><\/p>\n<p style=\"text-align: center;\"><b><span style=\"font-size: large;\">sich zu erholen und den Alltag zu vergessen.<\/span><\/b><b><\/b><\/p>\n<p style=\"text-align: center;\"><b><span style=\"font-size: large;\">Wir w\u00fcrden uns freuen, auch Sie als Gast begr\u00fc\u00dfen zu d\u00fcrfen.<\/span><\/b><b><\/b><\/p>\n<p style=\"text-align: center;\"><b><span style=\"font-size: large;\">Familie Pilles-Schmid<\/span><\/b><\/p>\n","protected":false},"excerpt":{"rendered":"<p>Guten Tag, Herzlich willkommen ! wir freuen uns, Sie auf unserer Site begr\u00fc\u00dfen zu d\u00fcrfen und wollen Ihnen mit einem virtuellen Rundgang unsere Anlage vorstellen. Ein Aufenthalt in unserem Ferienhaus, inmitten des Nationalpark Seewinkel, bietet Ihnen die M\u00f6glichkeit sich zu erholen und den Alltag zu vergessen. Wir w\u00fcrden uns freuen, auch Sie als Gast begr\u00fc\u00dfen <a class=\"read-more\" href=\"https:\/\/ferienhaus-apetlon.at\/?page_id=15\">Read More<\/a><\/p>\n","protected":false},"author":1,"featured_media":0,"parent":0,"menu_order":0,"comment_status":"closed","ping_status":"closed","template":"template-full-width.php","meta":{"footnotes":""},"class_list":["post-15","page","type-page","status-publish","hentry"],"_links":{"self":[{"href":"https:\/\/ferienhaus-apetlon.at\/index.php?rest_route=\/wp\/v2\/pages\/15","targetHints":{"allow":["GET"]}}],"collection":[{"href":"https:\/\/ferienhaus-apetlon.at\/index.php?rest_route=\/wp\/v2\/pages"}],"about":[{"href":"https:\/\/ferienhaus-apetlon.at\/index.php?rest_route=\/wp\/v2\/types\/page"}],"author":[{"embeddable":true,"href":"https:\/\/ferienhaus-apetlon.at\/index.php?rest_route=\/wp\/v2\/users\/1"}],"replies":[{"embeddable":true,"href":"https:\/\/ferienhaus-apetlon.at\/index.php?rest_route=%2Fwp%2Fv2%2Fcomments&post=15"}],"version-history":[{"count":4,"href":"https:\/\/ferienhaus-apetlon.at\/index.php?rest_route=\/wp\/v2\/pages\/15\/revisions"}],"predecessor-version":[{"id":65,"href":"https:\/\/ferienhaus-apetlon.at\/index.php?rest_route=\/wp\/v2\/pages\/15\/revisions\/65"}],"wp:attachment":[{"href":"https:\/\/ferienhaus-apetlon.at\/index.php?rest_route=%2Fwp%2Fv2%2Fmedia&parent=15"}],"curies":[{"name":"wp","href":"https:\/\/api.w.org\/{rel}","templated":true}]}}